{"id":20696,"date":"2024-11-11T10:20:15","date_gmt":"2024-11-11T09:20:15","guid":{"rendered":"https:\/\/host3.hellowebtunisie.com\/~zetunoil\/?page_id=20696"},"modified":"2026-01-13T11:15:19","modified_gmt":"2026-01-13T10:15:19","slug":"qui-sommes-nous","status":"publish","type":"page","link":"https:\/\/terredecorail.tn\/en\/qui-sommes-nous\/","title":{"rendered":"About US"},"content":{"rendered":"<div data-elementor-type=\"wp-page\" data-elementor-id=\"20696\" class=\"elementor elementor-20696\">\n\t\t\t\t<div class=\"elementor-element elementor-element-c1c93fc e-flex e-con-boxed e-con e-parent\" data-id=\"c1c93fc\" data-element_type=\"container\">\n\t\t\t\t\t<div class=\"e-con-inner\">\n\t\t<div class=\"elementor-element elementor-element-2a5c71a e-con-full e-flex e-con e-child\" data-id=\"2a5c71a\" data-element_type=\"container\">\n\t\t\t\t<div class=\"elementor-element elementor-element-7882bd2 elementor-widget elementor-widget-wd_image_or_svg\" data-id=\"7882bd2\" data-element_type=\"widget\" data-widget_type=\"wd_image_or_svg.default\">\n\t\t\t\t<div class=\"elementor-widget-container\">\n\t\t\t\n\t\t<div class=\"wd-image text-center\">\n\t\t\t\t\t\t\t\t<img fetchpriority=\"high\" decoding=\"async\" width=\"600\" height=\"484\" src=\"https:\/\/terredecorail.tn\/wp-content\/uploads\/2024\/12\/1-1.png\" class=\"attachment-full size-full\" alt=\"\" srcset=\"https:\/\/terredecorail.tn\/wp-content\/uploads\/2024\/12\/1-1.png 600w, https:\/\/terredecorail.tn\/wp-content\/uploads\/2024\/12\/1-1-372x300.png 372w, https:\/\/terredecorail.tn\/wp-content\/uploads\/2024\/12\/1-1-430x347.png 430w, https:\/\/terredecorail.tn\/wp-content\/uploads\/2024\/12\/1-1-150x121.png 150w\" sizes=\"(max-width: 600px) 100vw, 600px\" \/>\t\t\t\t\t<\/div>\n\n\t\t\t\t<\/div>\n\t\t\t\t<\/div>\n\t\t\t\t<\/div>\n\t\t<div class=\"elementor-element elementor-element-e30dfd6 e-con-full e-flex e-con e-child\" data-id=\"e30dfd6\" data-element_type=\"container\">\n\t\t\t\t<div class=\"elementor-element elementor-element-c5dc82b wd-width-100 elementor-widget elementor-widget-wd_title\" data-id=\"c5dc82b\" data-element_type=\"widget\" data-widget_type=\"wd_title.default\">\n\t\t\t\t<div class=\"elementor-widget-container\">\n\t\t\t\t\t<div class=\"title-wrapper set-mb-s reset-last-child wd-title-color-black wd-title-style-image wd-title-size-extra-large text-left\">\n\n\t\t\t\n\t\t\t<div class=\"liner-continer\">\n\t\t\t\t<h4 class=\"woodmart-title-container title wd-fontsize-xxxl\">Our History<\/h4> \n\t\t\t\t\t\t\t<\/div>\n\n\t\t\t\t\t\t\t<div class=\"title-after_title set-cont-mb-s reset-last-child wd-fontsize-s\">\n\t\t\t\t\t<p>The history of olive oil brands is closely linked to olive cultivation, which dates back thousands of years. The importance of olive oil has evolved throughout the ages, from ancient culinary and ritual uses to modern commercialization. Here is an overview of its history.<\/p>\t\t\t\t<\/div>\n\t\t\t\t\t<\/div>\n\t\t\t\t<\/div>\n\t\t\t\t<\/div>\n\t\t<div class=\"elementor-element elementor-element-5d394af e-con-full e-flex e-con e-child\" data-id=\"5d394af\" data-element_type=\"container\">\n\t\t<div class=\"elementor-element elementor-element-443a0fb e-con-full e-flex e-con e-child\" data-id=\"443a0fb\" data-element_type=\"container\">\n\t\t\t\t<div class=\"elementor-element elementor-element-ae06b6b elementor-widget elementor-widget-wd_infobox\" data-id=\"ae06b6b\" data-element_type=\"widget\" data-widget_type=\"wd_infobox.default\">\n\t\t\t\t<div class=\"elementor-widget-container\">\n\t\t\t\t\t<div class=\"info-box-wrapper\">\n\t\t\t<div class=\"wd-info-box text-left box-icon-align-top box-style-base color-scheme-\">\n\t\t\t\t\n\t\t\t\t<div class=\"info-box-content\">\n\t\t\t\t\t\n\t\t\t\t\t\t\t\t\t\t\t<h4\t\t\t\t\t\tclass=\"info-box-title title box-title-style-underlined wd-fontsize-m\" data-elementor-setting-key=\"title\">\n\t\t\t\t\t\t\t\tOlive oil is very rich. Since antiquity, the olive tree is considered a symbol\t\t\t\t\t\t<\/h4>\n\t\t\t\t\t\n\t\t\t\t\t<div class=\"info-box-inner set-cont-mb-s reset-last-child\"data-elementor-setting-key=\"content\"><\/div>\n\n\t\t\t\t\t\t\t\t\t<\/div>\n\n\t\t\t\t\t\t\t<\/div>\n\t\t<\/div>\n\t\t\t\t<\/div>\n\t\t\t\t<\/div>\n\t\t\t\t<\/div>\n\t\t\t\t<\/div>\n\t\t<div class=\"elementor-element elementor-element-3db49cb e-flex e-con-boxed e-con e-child\" data-id=\"3db49cb\" data-element_type=\"container\">\n\t\t\t\t\t<div class=\"e-con-inner\">\n\t\t\t\t<div class=\"elementor-element elementor-element-bf99efa elementor-widget__width-auto elementor-widget elementor-widget-wd_button\" data-id=\"bf99efa\" data-element_type=\"widget\" data-widget_type=\"wd_button.default\">\n\t\t\t\t<div class=\"elementor-widget-container\">\n\t\t\t\t\t<div class=\"wd-button-wrapper text-center\" >\n\t\t\t<a class=\"btn btn-style-round btn-style-rectangle btn-size-default btn-color-default btn-icon-pos-right\"  href=\"https:\/\/terredecorail.tn\/en\/product\/\">\n\t\t\t\t<span class=\"wd-btn-text\" data-elementor-setting-key=\"text\">\n\t\t\t\t\tOur Products\t\t\t\t<\/span>\n\n\t\t\t\t\t\t\t<\/a>\n\t\t<\/div>\n\t\t\t\t<\/div>\n\t\t\t\t<\/div>\n\t\t\t\t\t<\/div>\n\t\t\t\t<\/div>\n\t\t\t\t<\/div>\n\t\t\t\t\t<\/div>\n\t\t\t\t<\/div>\n\t\t<div class=\"elementor-element elementor-element-ea9aa12 wd-section-stretch-content e-flex e-con-boxed e-con e-parent\" data-id=\"ea9aa12\" data-element_type=\"container\">\n\t\t\t\t\t<div class=\"e-con-inner\">\n\t\t<div class=\"elementor-element elementor-element-3a4ff7c color-scheme-light e-con-full e-flex e-con e-child\" data-id=\"3a4ff7c\" data-element_type=\"container\" data-settings=\"{&quot;background_background&quot;:&quot;classic&quot;}\">\n\t\t\t\t<div class=\"elementor-element elementor-element-3a294bd elementor-widget elementor-widget-wd_infobox\" data-id=\"3a294bd\" data-element_type=\"widget\" data-widget_type=\"wd_infobox.default\">\n\t\t\t\t<div class=\"elementor-widget-container\">\n\t\t\t\t\t<div class=\"info-box-wrapper\">\n\t\t\t<div class=\"wd-info-box text-left box-icon-align-top box-style-base color-scheme-light\">\n\t\t\t\t\t\t\t\t\t<div class=\"box-icon-wrapper  box-with-text text-size-default box-icon-simple\">\n\t\t\t\t\t\t<div class=\"info-box-icon\">\n\t\t\t\t\t\t\t\t\t\t\t\t\t\t\t1.\t\t\t\t\t\t\t\t\t\t\t\t\t<\/div>\n\t\t\t\t\t<\/div>\n\t\t\t\t\n\t\t\t\t<div class=\"info-box-content\">\n\t\t\t\t\t\n\t\t\t\t\t\t\t\t\t\t\t<h4\t\t\t\t\t\tclass=\"info-box-title title box-title-style-default wd-fontsize-m\" data-elementor-setting-key=\"title\">\n\t\t\t\t\t\t\t\tGood for the Heart\t\t\t\t\t\t<\/h4>\n\t\t\t\t\t\n\t\t\t\t\t<div class=\"info-box-inner set-cont-mb-s reset-last-child\"data-elementor-setting-key=\"content\"><p>Olive oil is an excellent source of monounsaturated fatty acids, which help lower bad cholesterol (LDL) while raising good cholesterol (HDL).<\/p>\n<\/div>\n\n\t\t\t\t\t\t\t\t\t<\/div>\n\n\t\t\t\t\t\t\t<\/div>\n\t\t<\/div>\n\t\t\t\t<\/div>\n\t\t\t\t<\/div>\n\t\t\t\t<\/div>\n\t\t<div class=\"elementor-element elementor-element-00fd4a0 color-scheme-light e-con-full e-flex e-con e-child\" data-id=\"00fd4a0\" data-element_type=\"container\" data-settings=\"{&quot;background_background&quot;:&quot;classic&quot;}\">\n\t\t\t\t<div class=\"elementor-element elementor-element-a6b3593 elementor-widget elementor-widget-wd_infobox\" data-id=\"a6b3593\" data-element_type=\"widget\" data-widget_type=\"wd_infobox.default\">\n\t\t\t\t<div class=\"elementor-widget-container\">\n\t\t\t\t\t<div class=\"info-box-wrapper\">\n\t\t\t<div class=\"wd-info-box text-left box-icon-align-top box-style-base color-scheme-light\">\n\t\t\t\t\t\t\t\t\t<div class=\"box-icon-wrapper  box-with-text text-size-default box-icon-simple\">\n\t\t\t\t\t\t<div class=\"info-box-icon\">\n\t\t\t\t\t\t\t\t\t\t\t\t\t\t\t2.\t\t\t\t\t\t\t\t\t\t\t\t\t<\/div>\n\t\t\t\t\t<\/div>\n\t\t\t\t\n\t\t\t\t<div class=\"info-box-content\">\n\t\t\t\t\t\n\t\t\t\t\t\t\t\t\t\t\t<h4\t\t\t\t\t\tclass=\"info-box-title title box-title-style-default wd-fontsize-m\" data-elementor-setting-key=\"title\">\n\t\t\t\t\t\t\t\tPowerful Antioxidant\t\t\t\t\t\t<\/h4>\n\t\t\t\t\t\n\t\t\t\t\t<div class=\"info-box-inner set-cont-mb-s reset-last-child\"data-elementor-setting-key=\"content\"><p>Thanks to its polyphenol and vitamin E content, olive oil fights free radicals responsible for cellular aging<\/p>\n<\/div>\n\n\t\t\t\t\t\t\t\t\t<\/div>\n\n\t\t\t\t\t\t\t<\/div>\n\t\t<\/div>\n\t\t\t\t<\/div>\n\t\t\t\t<\/div>\n\t\t\t\t<\/div>\n\t\t<div class=\"elementor-element elementor-element-13e4556 color-scheme-light e-con-full e-flex e-con e-child\" data-id=\"13e4556\" data-element_type=\"container\" data-settings=\"{&quot;background_background&quot;:&quot;classic&quot;}\">\n\t\t\t\t<div class=\"elementor-element elementor-element-6997b3b elementor-widget elementor-widget-wd_infobox\" data-id=\"6997b3b\" data-element_type=\"widget\" data-widget_type=\"wd_infobox.default\">\n\t\t\t\t<div class=\"elementor-widget-container\">\n\t\t\t\t\t<div class=\"info-box-wrapper\">\n\t\t\t<div class=\"wd-info-box text-left box-icon-align-top box-style-base color-scheme-light\">\n\t\t\t\t\t\t\t\t\t<div class=\"box-icon-wrapper  box-with-text text-size-default box-icon-simple\">\n\t\t\t\t\t\t<div class=\"info-box-icon\">\n\t\t\t\t\t\t\t\t\t\t\t\t\t\t\t3.\t\t\t\t\t\t\t\t\t\t\t\t\t<\/div>\n\t\t\t\t\t<\/div>\n\t\t\t\t\n\t\t\t\t<div class=\"info-box-content\">\n\t\t\t\t\t\n\t\t\t\t\t\t\t\t\t\t\t<h4\t\t\t\t\t\tclass=\"info-box-title title box-title-style-default wd-fontsize-m\" data-elementor-setting-key=\"title\">\n\t\t\t\t\t\t\t\tNatural Anti-Inflammatory\t\t\t\t\t\t<\/h4>\n\t\t\t\t\t\n\t\t\t\t\t<div class=\"info-box-inner set-cont-mb-s reset-last-child\"data-elementor-setting-key=\"content\"><p>The polyphenols present in olive oil, notably oleuropein and hydroxytyrosol, have anti-inflammatory properties.<\/p>\n<\/div>\n\n\t\t\t\t\t\t\t\t\t<\/div>\n\n\t\t\t\t\t\t\t<\/div>\n\t\t<\/div>\n\t\t\t\t<\/div>\n\t\t\t\t<\/div>\n\t\t\t\t<\/div>\n\t\t<div class=\"elementor-element elementor-element-9e4fe1c color-scheme-light e-con-full e-flex e-con e-child\" data-id=\"9e4fe1c\" data-element_type=\"container\" data-settings=\"{&quot;background_background&quot;:&quot;classic&quot;}\">\n\t\t\t\t<div class=\"elementor-element elementor-element-c785e46 elementor-widget elementor-widget-wd_infobox\" data-id=\"c785e46\" data-element_type=\"widget\" data-widget_type=\"wd_infobox.default\">\n\t\t\t\t<div class=\"elementor-widget-container\">\n\t\t\t\t\t<div class=\"info-box-wrapper\">\n\t\t\t<div class=\"wd-info-box text-left box-icon-align-top box-style-base color-scheme-light\">\n\t\t\t\t\t\t\t\t\t<div class=\"box-icon-wrapper  box-with-text text-size-default box-icon-simple\">\n\t\t\t\t\t\t<div class=\"info-box-icon\">\n\t\t\t\t\t\t\t\t\t\t\t\t\t\t\t4.\t\t\t\t\t\t\t\t\t\t\t\t\t<\/div>\n\t\t\t\t\t<\/div>\n\t\t\t\t\n\t\t\t\t<div class=\"info-box-content\">\n\t\t\t\t\t\n\t\t\t\t\t\t\t\t\t\t\t<h4\t\t\t\t\t\tclass=\"info-box-title title box-title-style-default wd-fontsize-m\" data-elementor-setting-key=\"title\">\n\t\t\t\t\t\t\t\tPromotes Good Digestion\t\t\t\t\t\t<\/h4>\n\t\t\t\t\t\n\t\t\t\t\t<div class=\"info-box-inner set-cont-mb-s reset-last-child\"data-elementor-setting-key=\"content\"><p>The Olive oil stimulates bile production and improves the functioning of the digestive system.<\/p>\n<\/div>\n\n\t\t\t\t\t\t\t\t\t<\/div>\n\n\t\t\t\t\t\t\t<\/div>\n\t\t<\/div>\n\t\t\t\t<\/div>\n\t\t\t\t<\/div>\n\t\t\t\t<\/div>\n\t\t\t\t\t<\/div>\n\t\t\t\t<\/div>\n\t\t\t\t<\/div>","protected":false},"excerpt":{"rendered":"<p>Notre histoire L&#8217;histoire des marques d&#8217;huile d&#8217;olive est intimement li\u00e9e \u00e0 la culture de l&#8217;olivier, qui remonte \u00e0 plusieurs mill\u00e9naires.<\/p>","protected":false},"author":1,"featured_media":0,"parent":0,"menu_order":0,"comment_status":"closed","ping_status":"closed","template":"","meta":{"footnotes":""},"class_list":["post-20696","page","type-page","status-publish","hentry"],"_links":{"self":[{"href":"https:\/\/terredecorail.tn\/en\/wp-json\/wp\/v2\/pages\/20696","targetHints":{"allow":["GET"]}}],"collection":[{"href":"https:\/\/terredecorail.tn\/en\/wp-json\/wp\/v2\/pages"}],"about":[{"href":"https:\/\/terredecorail.tn\/en\/wp-json\/wp\/v2\/types\/page"}],"author":[{"embeddable":true,"href":"https:\/\/terredecorail.tn\/en\/wp-json\/wp\/v2\/users\/1"}],"replies":[{"embeddable":true,"href":"https:\/\/terredecorail.tn\/en\/wp-json\/wp\/v2\/comments?post=20696"}],"version-history":[{"count":16,"href":"https:\/\/terredecorail.tn\/en\/wp-json\/wp\/v2\/pages\/20696\/revisions"}],"predecessor-version":[{"id":20936,"href":"https:\/\/terredecorail.tn\/en\/wp-json\/wp\/v2\/pages\/20696\/revisions\/20936"}],"wp:attachment":[{"href":"https:\/\/terredecorail.tn\/en\/wp-json\/wp\/v2\/media?parent=20696"}],"curies":[{"name":"wp","href":"https:\/\/api.w.org\/{rel}","templated":true}]}}