{"id":20947,"date":"2026-01-19T13:25:38","date_gmt":"2026-01-19T12:25:38","guid":{"rendered":"https:\/\/terredecorail.tn\/?post_type=product&#038;p=20947"},"modified":"2026-04-05T17:54:34","modified_gmt":"2026-04-05T15:54:34","slug":"huile-dolive-extra-vierge-infusee-a-lail","status":"publish","type":"product","link":"https:\/\/terredecorail.tn\/ar\/product\/huile-dolive-extra-vierge-infusee-a-lail\/","title":{"rendered":"\u0632\u064a\u062a \u0632\u064a\u062a\u0648\u0646 \u0628\u0643\u0631 \u0645\u0645\u062a\u0627\u0632 \u0645\u0646\u0642\u0648\u0639 \u0628\u0627\u0644\u062b\u0648\u0645"},"content":{"rendered":"<h3>\u0627\u0644\u0623\u0635\u0627\u0644\u0629 \u0641\u064a \u062e\u062f\u0645\u0629 \u0627\u0644\u0630\u0648\u0642<\/h3>\n<p>\u064a\u064f\u0646\u062a\u062c \u0632\u064a\u062a \u0627\u0644\u0632\u064a\u062a\u0648\u0646 \u0627\u0644\u0628\u0643\u0631 \u0627\u0644\u0645\u0645\u062a\u0627\u0632 \u0627\u0644\u0645\u0646\u0642\u0648\u0639 \u0628\u0627\u0644\u062b\u0648\u0645 \u0644\u062f\u064a\u0646\u0627 \u0628\u0627\u0633\u062a\u062e\u062f\u0627\u0645 \u0637\u0631\u064a\u0642\u0629 \u0639\u0631\u064a\u0642\u0629 \u0641\u064a \u0628\u0633\u062a\u0627\u0646 \u0632\u064a\u062a\u0648\u0646 \u062a\u062f\u064a\u0631\u0647 \u0639\u0627\u0626\u0644\u0629 \u0641\u064a \u0628\u0631\u0648\u0641\u0627\u0646\u0633. \u062a\u064f\u0642\u0637\u0641 \u062d\u0628\u0627\u062a \u0627\u0644\u0632\u064a\u062a\u0648\u0646 \u0639\u0646\u062f \u0646\u0636\u062c\u0647\u0627 \u0627\u0644\u0643\u0627\u0645\u0644\u060c \u062b\u0645 \u062a\u064f\u0639\u0635\u0631 \u0639\u0644\u0649 \u0627\u0644\u0628\u0627\u0631\u062f \u0644\u0644\u062d\u0641\u0627\u0638 \u0639\u0644\u0649 \u062c\u0645\u064a\u0639 \u0646\u0643\u0647\u0627\u062a\u0647\u0627 \u0648\u0641\u0648\u0627\u0626\u062f\u0647\u0627 \u0627\u0644\u063a\u0630\u0627\u0626\u064a\u0629.<\/p>\n<p>L&#8217;infusion \u00e0 l&#8217;ail est r\u00e9alis\u00e9e par\u00a0mac\u00e9ration lente\u00a0d&#8217;ail biologique frais directement dans l&#8217;huile pendant plusieurs semaines, garantissant une extraction naturelle des saveurs sans aucun ar\u00f4me artificiel.<\/p>","protected":false},"excerpt":{"rendered":"<p>\u0627\u0643\u062a\u0634\u0641 \u0632\u064a\u062a \u0627\u0644\u0632\u064a\u062a\u0648\u0646 \u0627\u0644\u0628\u0643\u0631 \u0627\u0644\u0645\u0645\u062a\u0627\u0632 \u0627\u0644\u062e\u0627\u0635 \u0628\u0646\u0627\u060c \u0627\u0644\u0645\u0639\u0635\u0648\u0631 \u0639\u0644\u0649 \u0627\u0644\u0628\u0627\u0631\u062f \u0648\u0627\u0644\u0645\u064f\u0639\u062f\u0651 \u064a\u062f\u0648\u064a\u064b\u0627 \u0645\u0646 \u0627\u0644\u062b\u0648\u0645 \u0627\u0644\u0639\u0636\u0648\u064a \u0627\u0644\u0637\u0627\u0632\u062c\u060c \u0648\u0627\u0644\u0645\u064f\u0646\u0643\u0651\u0647 \u0628\u0627\u0644\u062b\u0648\u0645. \u0645\u062b\u0627\u0644\u064a \u0644\u0625\u0636\u0641\u0627\u0621 \u0646\u0643\u0647\u0629 \u0645\u0645\u064a\u0632\u0629 \u0639\u0644\u0649 \u0627\u0644\u0628\u0631\u0648\u0634\u064a\u062a\u0627\u060c \u0648\u0627\u0644\u062a\u062a\u0628\u064a\u0644\u0627\u062a\u060c \u0648\u0627\u0644\u0645\u0639\u0643\u0631\u0648\u0646\u0629\u060c \u0648\u0627\u0644\u0623\u0637\u0628\u0627\u0642 \u0627\u0644\u0645\u0634\u0648\u064a\u0629. \u0627\u0633\u062a\u0645\u062a\u0639 \u0628\u0646\u0643\u0647\u0629 \u0627\u0644\u0628\u062d\u0631 \u0627\u0644\u0623\u0628\u064a\u0636 \u0627\u0644\u0645\u062a\u0648\u0633\u0637 \u200b\u200b\u0627\u0644\u063a\u0646\u064a\u0629 \u0644\u0625\u0628\u062f\u0627\u0639\u0627\u062a\u0643 \u0641\u064a \u0627\u0644\u0637\u0647\u064a.<\/p>","protected":false},"featured_media":20948,"comment_status":"open","ping_status":"closed","template":"","meta":[],"product_brand":[],"product_cat":[76],"product_tag":[],"class_list":{"0":"post-20947","1":"product","2":"type-product","3":"status-publish","4":"has-post-thumbnail","6":"product_cat-huile-dolive-infusee","8":"first","9":"instock","10":"shipping-taxable","11":"product-type-simple"},"_links":{"self":[{"href":"https:\/\/terredecorail.tn\/ar\/wp-json\/wp\/v2\/product\/20947","targetHints":{"allow":["GET"]}}],"collection":[{"href":"https:\/\/terredecorail.tn\/ar\/wp-json\/wp\/v2\/product"}],"about":[{"href":"https:\/\/terredecorail.tn\/ar\/wp-json\/wp\/v2\/types\/product"}],"replies":[{"embeddable":true,"href":"https:\/\/terredecorail.tn\/ar\/wp-json\/wp\/v2\/comments?post=20947"}],"version-history":[{"count":3,"href":"https:\/\/terredecorail.tn\/ar\/wp-json\/wp\/v2\/product\/20947\/revisions"}],"predecessor-version":[{"id":20969,"href":"https:\/\/terredecorail.tn\/ar\/wp-json\/wp\/v2\/product\/20947\/revisions\/20969"}],"wp:featuredmedia":[{"embeddable":true,"href":"https:\/\/terredecorail.tn\/ar\/wp-json\/wp\/v2\/media\/20948"}],"wp:attachment":[{"href":"https:\/\/terredecorail.tn\/ar\/wp-json\/wp\/v2\/media?parent=20947"}],"wp:term":[{"taxonomy":"product_brand","embeddable":true,"href":"https:\/\/terredecorail.tn\/ar\/wp-json\/wp\/v2\/product_brand?post=20947"},{"taxonomy":"product_cat","embeddable":true,"href":"https:\/\/terredecorail.tn\/ar\/wp-json\/wp\/v2\/product_cat?post=20947"},{"taxonomy":"product_tag","embeddable":true,"href":"https:\/\/terredecorail.tn\/ar\/wp-json\/wp\/v2\/product_tag?post=20947"}],"curies":[{"name":"wp","href":"https:\/\/api.w.org\/{rel}","templated":true}]}}